{"id":130,"date":"2021-06-07T14:00:11","date_gmt":"2021-06-07T12:00:11","guid":{"rendered":"https:\/\/ffw-bruehl.de\/foerdern\/?page_id=130"},"modified":"2024-11-16T00:46:30","modified_gmt":"2024-11-15T22:46:30","slug":"unterstuetzung","status":"publish","type":"page","link":"https:\/\/ffw-bruehl.de\/foerdern\/unterstuetzung\/","title":{"rendered":"Unterst\u00fctzung"},"content":{"rendered":"\n<p><strong>Wie k\u00f6nnen Sie helfen?<\/strong><\/p>\n\n\n\n<p>Der F\u00f6rderverein der Feuerwehr Br\u00fchl freut sich \u00fcber jeden Unterst\u00fctzer. Neben Feuerwehrfrauen \/-m\u00e4nner, deren Angeh\u00f6rigen, Freunde und Arbeitgeber lebt der F\u00f6rderverein von der Vielfalt seiner Mitglieder. Am einfachsten k\u00f6nnen Sie dem F\u00f6rderverein durch eine finanzielle Unterst\u00fctzung helfen, indem Sie Mitglied werden.<\/p>\n\n\n\n<p>Aber auch jede andere Art der Mithilfe, sei es in Form von Sachspenden oder der Bereitstellung von personeller oder technischer Ausstattung bei der Ausrichtung von Veranstaltungen ist herzlich willkommen.<\/p>\n\n\n\n<p>Wenn Sie das Ehrenamt Feuerwehr unterst\u00fctzen m\u00f6chten,dann nutzen Sie die Beitrittserkl\u00e4rung. Und sende diese an:<br>F\u00f6rderverein der Freiwilligen Feuerwehr Br\u00fchl e.V.<br>Am Schrankenbuckel 9, 68782 Br\u00fchl<\/p>\n\n\n\n<p>Oder Sie \u00fcberweisen Ihre Spende auf das Konto:<\/p>\n\n\n\n<p>Sparkasse Heidelberg<br>IBAN:\u00a0DE42 6725 0020 0009 3047 54<\/p>\n\n\n\n<p>BIC: SOLADES1HDB<\/p>\n\n\n\n<p>Als vom Finanzamt Schwetzingen anerkannter gemeinn\u00fctziger Verein sind wir in der Lage Spendenbelege f\u00fcr Ihren Beitrag auszustellen.<\/p>\n\n\n\n<p>Der Vorstand des F\u00f6rdervereins<br>1. Vorsitzende Melanie Schuhmacher<br>2. Vorsitzender Andr\u00e9 Bruns<\/p>\n\n\n\n<p><strong><a href=\"https:\/\/ffw-bruehl.de\/foerdern\/wp-content\/uploads\/sites\/10\/2023\/06\/Beitrittserklaerung.pdf\" target=\"_blank\" rel=\"noreferrer noopener\">Hier finden Sie die : Beitrittserkl\u00e4rung<\/a><\/strong><\/p>\n","protected":false},"excerpt":{"rendered":"<p>Wie k\u00f6nnen Sie helfen? Der F\u00f6rderverein der Feuerwehr Br\u00fchl freut sich \u00fcber jeden Unterst\u00fctzer. Neben Feuerwehrfrauen \/-m\u00e4nner, deren Angeh\u00f6rigen, Freunde und Arbeitgeber lebt der F\u00f6rderverein von der Vielfalt seiner Mitglieder. Am einfachsten k\u00f6nnen Sie dem F\u00f6rderverein durch eine finanzielle Unterst\u00fctzung helfen, indem Sie Mitglied werden. Aber auch jede andere Art der Mithilfe, sei es in Form von Sachspenden oder der Bereitstellung von personeller oder technischer Ausstattung bei der Ausrichtung von Veranstaltungen ist herzlich willkommen. Wenn Sie das Ehrenamt Feuerwehr unterst\u00fctzen m\u00f6chten,dann nutzen Sie die Beitrittserkl\u00e4rung. Und sende diese an:F\u00f6rderverein der Freiwilligen Feuerwehr Br\u00fchl e.V.Am Schrankenbuckel 9, 68782 Br\u00fchl Oder Sie<\/p>\n","protected":false},"author":5,"featured_media":78,"parent":0,"menu_order":0,"comment_status":"closed","ping_status":"closed","template":"","meta":{"_bbp_topic_count":0,"_bbp_reply_count":0,"_bbp_total_topic_count":0,"_bbp_total_reply_count":0,"_bbp_voice_count":0,"_bbp_anonymous_reply_count":0,"_bbp_topic_count_hidden":0,"_bbp_reply_count_hidden":0,"_bbp_forum_subforum_count":0,"footnotes":""},"class_list":["post-130","page","type-page","status-publish","has-post-thumbnail","hentry"],"_links":{"self":[{"href":"https:\/\/ffw-bruehl.de\/foerdern\/wp-json\/wp\/v2\/pages\/130","targetHints":{"allow":["GET"]}}],"collection":[{"href":"https:\/\/ffw-bruehl.de\/foerdern\/wp-json\/wp\/v2\/pages"}],"about":[{"href":"https:\/\/ffw-bruehl.de\/foerdern\/wp-json\/wp\/v2\/types\/page"}],"author":[{"embeddable":true,"href":"https:\/\/ffw-bruehl.de\/foerdern\/wp-json\/wp\/v2\/users\/5"}],"replies":[{"embeddable":true,"href":"https:\/\/ffw-bruehl.de\/foerdern\/wp-json\/wp\/v2\/comments?post=130"}],"version-history":[{"count":6,"href":"https:\/\/ffw-bruehl.de\/foerdern\/wp-json\/wp\/v2\/pages\/130\/revisions"}],"predecessor-version":[{"id":217,"href":"https:\/\/ffw-bruehl.de\/foerdern\/wp-json\/wp\/v2\/pages\/130\/revisions\/217"}],"wp:featuredmedia":[{"embeddable":true,"href":"https:\/\/ffw-bruehl.de\/foerdern\/wp-json\/wp\/v2\/media\/78"}],"wp:attachment":[{"href":"https:\/\/ffw-bruehl.de\/foerdern\/wp-json\/wp\/v2\/media?parent=130"}],"curies":[{"name":"wp","href":"https:\/\/api.w.org\/{rel}","templated":true}]}}